{"id":962,"date":"2022-06-26T15:54:11","date_gmt":"2022-06-26T13:54:11","guid":{"rendered":"https:\/\/csigevarbirtok.hu\/?page_id=962"},"modified":"2025-04-25T13:20:12","modified_gmt":"2025-04-25T11:20:12","slug":"impresszum","status":"publish","type":"page","link":"https:\/\/csigevarbirtok.hu\/en\/impresszum\/","title":{"rendered":"Impresszum"},"content":{"rendered":"<div data-elementor-type=\"wp-page\" data-elementor-id=\"962\" class=\"elementor elementor-962\" data-elementor-post-type=\"page\">\n\t\t\t\t\t\t<section class=\"elementor-section elementor-top-section elementor-element elementor-element-2d885f56 elementor-section-height-min-height elementor-section-content-middle elementor-section-boxed elementor-section-height-default elementor-section-items-middle\" data-id=\"2d885f56\" data-element_type=\"section\" data-e-type=\"section\" data-settings=\"{&quot;background_background&quot;:&quot;classic&quot;}\">\n\t\t\t\t\t\t\t<div class=\"elementor-background-overlay\"><\/div>\n\t\t\t\t\t\t\t<div class=\"elementor-container elementor-column-gap-no\">\n\t\t\t\t\t<div class=\"elementor-column elementor-col-100 elementor-top-column elementor-element elementor-element-3cd6648\" data-id=\"3cd6648\" data-element_type=\"column\" data-e-type=\"column\">\n\t\t\t<div class=\"elementor-widget-wrap elementor-element-populated\">\n\t\t\t\t\t\t<div class=\"elementor-element elementor-element-33ce24a3 elementor-widget-divider--view-line elementor-widget elementor-widget-divider\" data-id=\"33ce24a3\" data-element_type=\"widget\" data-e-type=\"widget\" data-widget_type=\"divider.default\">\n\t\t\t\t<div class=\"elementor-widget-container\">\n\t\t\t\t\t\t\t<div class=\"elementor-divider\">\n\t\t\t<span class=\"elementor-divider-separator\">\n\t\t\t\t\t\t<\/span>\n\t\t<\/div>\n\t\t\t\t\t\t<\/div>\n\t\t\t\t<\/div>\n\t\t\t\t<div class=\"elementor-element elementor-element-47178a23 elementor-widget elementor-widget-text-editor\" data-id=\"47178a23\" data-element_type=\"widget\" data-e-type=\"widget\" data-widget_type=\"text-editor.default\">\n\t\t\t\t<div class=\"elementor-widget-container\">\n\t\t\t\t\t\t\t\t\t<p>C\u00e9ginform\u00e1ci\u00f3k<\/p>\t\t\t\t\t\t\t\t<\/div>\n\t\t\t\t<\/div>\n\t\t\t\t\t<\/div>\n\t\t<\/div>\n\t\t\t\t\t<\/div>\n\t\t<\/section>\n\t\t\t\t<section class=\"elementor-section elementor-top-section elementor-element elementor-element-11359de5 elementor-section-boxed elementor-section-height-default elementor-section-height-default\" data-id=\"11359de5\" data-element_type=\"section\" data-e-type=\"section\">\n\t\t\t\t\t\t<div class=\"elementor-container elementor-column-gap-default\">\n\t\t\t\t\t<div class=\"elementor-column elementor-col-100 elementor-top-column elementor-element elementor-element-60b38eb4\" data-id=\"60b38eb4\" data-element_type=\"column\" data-e-type=\"column\">\n\t\t\t<div class=\"elementor-widget-wrap elementor-element-populated\">\n\t\t\t\t\t\t<div class=\"elementor-element elementor-element-703b9efc elementor-widget elementor-widget-text-editor\" data-id=\"703b9efc\" data-element_type=\"widget\" data-e-type=\"widget\" data-widget_type=\"text-editor.default\">\n\t\t\t\t<div class=\"elementor-widget-container\">\n\t\t\t\t\t\t\t\t\t<p><strong>A sz\u00e1ll\u00e1s, \u00e9s a csigevarbirtok.hu domain tulajdonosa \u00e9s \u00fczemeltet\u0151je:<\/strong><\/p><div class=\"table-responsive col-lg-6\"><table border=\"0\"><tbody><tr><td>C\u00e9gn\u00e9v:<\/td><td>G Priority Kft.<\/td><\/tr><tr><td>Sz\u00e9khely:<\/td><td>8613 Balatonendr\u00e9d, hrsz 067\/10.<\/td><\/tr><tr><td>C\u00e9gjegyz\u00e9ksz\u00e1m:<\/td><td>14-09-319271<\/td><\/tr><tr><td>Ad\u00f3sz\u00e1m:<\/td><td>23767630-2-14<\/td><\/tr><tr><td>K\u00e9pvisel\u0151:<\/td><td>Turcs\u00e1ny Eszter \u00fcgyvezet\u0151<\/td><\/tr><tr><td>Telefonsz\u00e1m:<\/td><td>+36 70 703 0099<\/td><\/tr><tr><td>E-mail c\u00edm:<\/td><td><a href=\"mailto:info@csigevarbirtok.hu\">info@csigevarbirtok.hu<\/a><\/td><\/tr><tr><td>Honlap:<\/td><td><a href=\"https:\/\/csigevarbirtok.hu\/en\/\">www.csigevarbirtok.hu<\/a><\/td><\/tr><\/tbody><\/table><\/div>\t\t\t\t\t\t\t\t<\/div>\n\t\t\t\t<\/div>\n\t\t\t\t\t<\/div>\n\t\t<\/div>\n\t\t\t\t\t<\/div>\n\t\t<\/section>\n\t\t\t\t<\/div>","protected":false},"excerpt":{"rendered":"<p>C\u00e9ginform\u00e1ci\u00f3k A sz\u00e1ll\u00e1s, \u00e9s a csigevarbirtok.hu domain tulajdonosa \u00e9s \u00fczemeltet\u0151je: C\u00e9gn\u00e9v: G Priority Kft. Sz\u00e9khely: 8613 Balatonendr\u00e9d, hrsz 067\/10. C\u00e9gjegyz\u00e9ksz\u00e1m: 14-09-319271 Ad\u00f3sz\u00e1m: 23767630-2-14 K\u00e9pvisel\u0151: Turcs\u00e1ny Eszter \u00fcgyvezet\u0151 Telefonsz\u00e1m: +36 70 703 0099 E-mail c\u00edm: info@csigevarbirtok.hu Honlap: www.csigevarbirtok.hu<\/p>","protected":false},"author":1,"featured_media":0,"parent":0,"menu_order":0,"comment_status":"closed","ping_status":"closed","template":"","meta":{"_seopress_robots_primary_cat":"","_seopress_titles_title":"","_seopress_titles_desc":"","_seopress_robots_index":"yes","footnotes":""},"class_list":["post-962","page","type-page","status-publish","hentry"],"_links":{"self":[{"href":"https:\/\/csigevarbirtok.hu\/en\/wp-json\/wp\/v2\/pages\/962","targetHints":{"allow":["GET"]}}],"collection":[{"href":"https:\/\/csigevarbirtok.hu\/en\/wp-json\/wp\/v2\/pages"}],"about":[{"href":"https:\/\/csigevarbirtok.hu\/en\/wp-json\/wp\/v2\/types\/page"}],"author":[{"embeddable":true,"href":"https:\/\/csigevarbirtok.hu\/en\/wp-json\/wp\/v2\/users\/1"}],"replies":[{"embeddable":true,"href":"https:\/\/csigevarbirtok.hu\/en\/wp-json\/wp\/v2\/comments?post=962"}],"version-history":[{"count":15,"href":"https:\/\/csigevarbirtok.hu\/en\/wp-json\/wp\/v2\/pages\/962\/revisions"}],"predecessor-version":[{"id":2017,"href":"https:\/\/csigevarbirtok.hu\/en\/wp-json\/wp\/v2\/pages\/962\/revisions\/2017"}],"wp:attachment":[{"href":"https:\/\/csigevarbirtok.hu\/en\/wp-json\/wp\/v2\/media?parent=962"}],"curies":[{"name":"wp","href":"https:\/\/api.w.org\/{rel}","templated":true}]}}